{"id":3614,"date":"2020-09-09T04:32:03","date_gmt":"2020-09-09T04:32:03","guid":{"rendered":"https:\/\/tienda.cafedeveracruz.com.mx\/index.php\/contact\/"},"modified":"2025-03-28T10:36:56","modified_gmt":"2025-03-28T16:36:56","slug":"contacto-ventas-cafe","status":"publish","type":"page","link":"https:\/\/tienda.cafedeveracruz.com.mx\/index.php\/contacto-ventas-cafe\/","title":{"rendered":"Contacto"},"content":{"rendered":"\n<div class=\"wp-block-uagb-advanced-heading uagb-block-8176d7c5\"><h1 class=\"uagb-heading-text\">Contacto- Ventas<\/h1><\/div>\n\n\n\n<div class=\"wp-block-uagb-container uagb-block-17064f5f alignwide uagb-is-root-container\">\n<div class=\"wp-block-uagb-image aligncenter uagb-block-d2b7542e wp-block-uagb-image--layout-default wp-block-uagb-image--effect-static wp-block-uagb-image--align-center\"><figure class=\"wp-block-uagb-image__figure\"><img decoding=\"async\" srcset=\"https:\/\/tienda.cafedeveracruz.com.mx\/wp-content\/uploads\/2021\/03\/basil-leaf.png \" sizes=\"auto, (max-width: 480px) 150px\" src=\"https:\/\/tienda.cafedeveracruz.com.mx\/wp-content\/uploads\/2021\/03\/basil-leaf.png\" alt=\"\" class=\"uag-image-3958\" width=\"150\" height=\"90\" title=\"\" loading=\"lazy\" role=\"img\"><\/figure><\/div>\n\n\n\n<div class=\"wp-block-uagb-container uagb-block-4b61f8e0\">\n<div class=\"wp-block-uagb-container uagb-block-cfc181ec\">\n<div class=\"wp-block-uagb-info-box uagb-block-d4f78948 uagb-infobox__content-wrap  uagb-infobox-icon-above-title uagb-infobox-image-valign-top\"><div class=\"uagb-ifb-content\"><div class=\"uagb-ifb-icon-wrap\"><svg xmlns=\"https:\/\/www.w3.org\/2000\/svg\" viewBox=\"0 0 512 512\"><path d=\"M511.2 387l-23.25 100.8c-3.266 14.25-15.79 24.22-30.46 24.22C205.2 512 0 306.8 0 54.5c0-14.66 9.969-27.2 24.22-30.45l100.8-23.25C139.7-2.602 154.7 5.018 160.8 18.92l46.52 108.5c5.438 12.78 1.77 27.67-8.98 36.45L144.5 207.1c33.98 69.22 90.26 125.5 159.5 159.5l44.08-53.8c8.688-10.78 23.69-14.51 36.47-8.975l108.5 46.51C506.1 357.2 514.6 372.4 511.2 387z\"><\/path><\/svg><\/div><div class=\"uagb-ifb-title-wrap\"><\/div><p class=\"uagb-ifb-desc\">Oficina Matriz<br> +52 2282159328<\/p><\/div><\/div>\n<\/div>\n\n\n\n<div class=\"wp-block-uagb-container uagb-block-627a48de\">\n<div class=\"wp-block-uagb-info-box uagb-block-379cc45a uagb-infobox__content-wrap  uagb-infobox-icon-above-title uagb-infobox-image-valign-top\"><div class=\"uagb-ifb-content\"><div class=\"uagb-ifb-icon-wrap\"><svg xmlns=\"https:\/\/www.w3.org\/2000\/svg\" viewBox=\"0 0 512 512\"><path d=\"M464 64C490.5 64 512 85.49 512 112C512 127.1 504.9 141.3 492.8 150.4L275.2 313.6C263.8 322.1 248.2 322.1 236.8 313.6L19.2 150.4C7.113 141.3 0 127.1 0 112C0 85.49 21.49 64 48 64H464zM217.6 339.2C240.4 356.3 271.6 356.3 294.4 339.2L512 176V384C512 419.3 483.3 448 448 448H64C28.65 448 0 419.3 0 384V176L217.6 339.2z\"><\/path><\/svg><\/div><div class=\"uagb-ifb-title-wrap\"><\/div><p class=\"uagb-ifb-desc\"> ventas@tienda.cafedeveracruz.com.mx<br><\/p><\/div><\/div>\n<\/div>\n\n\n\n<div class=\"wp-block-uagb-container uagb-block-e0547d8d\">\n<div class=\"wp-block-uagb-info-box uagb-block-01ce94e5 uagb-infobox__content-wrap  uagb-infobox-icon-above-title uagb-infobox-image-valign-top\"><div class=\"uagb-ifb-content\"><div class=\"uagb-ifb-icon-wrap\"><svg xmlns=\"https:\/\/www.w3.org\/2000\/svg\" viewBox=\"0 0 384 512\"><path d=\"M168.3 499.2C116.1 435 0 279.4 0 192C0 85.96 85.96 0 192 0C298 0 384 85.96 384 192C384 279.4 267 435 215.7 499.2C203.4 514.5 180.6 514.5 168.3 499.2H168.3zM192 256C227.3 256 256 227.3 256 192C256 156.7 227.3 128 192 128C156.7 128 128 156.7 128 192C128 227.3 156.7 256 192 256z\"><\/path><\/svg><\/div><div class=\"uagb-ifb-title-wrap\"><\/div><p class=\"uagb-ifb-desc\">Tijuana, Baja California<br>M\u00c9XICO  <\/p><\/div><\/div>\n<\/div>\n<\/div>\n<\/div>\n\n\n\n<div class=\"wp-block-uagb-container uag-blocks-common-selector uagb-block-79501e39 alignfull uagb-is-root-container\"><div class=\"uagb-container-inner-blocks-wrap\">\n<div class=\"wp-block-uagb-info-box uagb-block-90c460de uagb-infobox__content-wrap  uagb-infobox-icon-below-title uagb-infobox-image-valign-top\"><div class=\"uagb-ifb-content\"><div class=\"uagb-ifb-title-wrap\"><h2 class=\"uagb-ifb-title\">Preguntas Frecuentes!<\/h2><\/div><div class=\"uagb-ifb-image-content\"><img decoding=\"async\" src=\"https:\/\/tienda.cafedeveracruz.com.mx\/wp-content\/uploads\/2019\/07\/logo-leaf-new.png\" alt=\"\" width=\"75\" height=\"33\" loading=\"lazy\" title=\"\"><\/div><\/div><\/div>\n\n\n\n<div class=\"wp-block-uagb-container uagb-block-71a4caae\">\n<div class=\"wp-block-uagb-container uagb-block-54094439\">\n<div class=\"wp-block-uagb-advanced-heading uagb-block-ae8a19d9\"><h5 class=\"uagb-heading-text\">Tienen ventas de mayoreo?<\/h5><p class=\"uagb-desc-text\">Si, vendemos de mayoreo desde 15kg. Somos una empresa mayorista del estado de Veracruz.<\/p><\/div>\n\n\n\n<div class=\"wp-block-uagb-advanced-heading uagb-block-be003c15\"><h5 class=\"uagb-heading-text\">Tienen ventas a granel?<\/h5><p class=\"uagb-desc-text\">Si, vendemos a granel en los diferentes formatos, grano tostado y molido y tambi\u00e9n envasado.<\/p><\/div>\n\n\n\n<div class=\"wp-block-uagb-advanced-heading uagb-block-df1a49b6\"><h5 class=\"uagb-heading-text\">Venden caf\u00e9 verde?<\/h5><p class=\"uagb-desc-text\">Si, vendemos caf\u00e9 verde. frescos y reci\u00e9n cosechado, lavado, proceso h\u00famedo, calidad premium.<\/p><\/div>\n<\/div>\n\n\n\n<div class=\"wp-block-uagb-container uagb-block-88a14770\">\n<div class=\"wp-block-uagb-advanced-heading uagb-block-f62648c9\"><h5 class=\"uagb-heading-text\">Cu\u00e1l es el origen del cafe?<\/h5><p class=\"uagb-desc-text\">Todos nuestros granos son de origen Veracruz. Diferentes zonas de cultivos y alturas.<\/p><\/div>\n\n\n\n<div class=\"wp-block-uagb-advanced-heading uagb-block-d8374cc1\"><h5 class=\"uagb-heading-text\">Cuesta lo mismo molido o en grano?<\/h5><p class=\"uagb-desc-text\">Nuestra lista de precios incluye tostado y molido por el mismo precio. Solo el grano verde se maneja en otro orden de precios<\/p><\/div>\n\n\n\n<div class=\"wp-block-uagb-advanced-heading uagb-block-983ae6fa\"><h5 class=\"uagb-heading-text\">Que variedad de grano venden?<\/h5><p class=\"uagb-desc-text\">Manejamos granos ar\u00e1bigos, h\u00edbridos ar\u00e1bigos y robustas. Diferentes alturas.<\/p><\/div>\n<\/div>\n<\/div>\n<\/div><\/div>\n","protected":false},"excerpt":{"rendered":"<p>Contacto- Ventas Tienen ventas de mayoreo? Si, vendemos de mayoreo desde 15kg. Somos una empresa mayorista del estado de Veracruz. Tienen ventas a granel? Si, vendemos a granel en los diferentes formatos, grano tostado y molido y tambi\u00e9n envasado. Venden caf\u00e9 verde? Si, vendemos caf\u00e9 verde. frescos y reci\u00e9n cosechado, lavado, proceso h\u00famedo, calidad premium. [&hellip;]<\/p>\n","protected":false},"author":1,"featured_media":0,"parent":0,"menu_order":0,"comment_status":"closed","ping_status":"closed","template":"","meta":{"_uag_custom_page_level_css":"","site-sidebar-layout":"no-sidebar","site-content-layout":"plain-container","ast-site-content-layout":"normal-width-container","site-content-style":"unboxed","site-sidebar-style":"unboxed","ast-global-header-display":"","ast-banner-title-visibility":"","ast-main-header-display":"","ast-hfb-above-header-display":"","ast-hfb-below-header-display":"","ast-hfb-mobile-header-display":"","site-post-title":"disabled","ast-breadcrumbs-content":"","ast-featured-img":"disabled","footer-sml-layout":"","ast-disable-related-posts":"","theme-transparent-header-meta":"enabled","adv-header-id-meta":"","stick-header-meta":"","header-above-stick-meta":"","header-main-stick-meta":"","header-below-stick-meta":"","astra-migrate-meta-layouts":"set","ast-page-background-enabled":"default","ast-page-background-meta":{"desktop":{"background-color":"","background-image":"","background-repeat":"repeat","background-position":"center center","background-size":"auto","background-attachment":"scroll","background-type":"","background-media":"","overlay-type":"","overlay-color":"","overlay-opacity":"","overlay-gradient":""},"tablet":{"background-color":"","background-image":"","background-repeat":"repeat","background-position":"center center","background-size":"auto","background-attachment":"scroll","background-type":"","background-media":"","overlay-type":"","overlay-color":"","overlay-opacity":"","overlay-gradient":""},"mobile":{"background-color":"","background-image":"","background-repeat":"repeat","background-position":"center center","background-size":"auto","background-attachment":"scroll","background-type":"","background-media":"","overlay-type":"","overlay-color":"","overlay-opacity":"","overlay-gradient":""}},"ast-content-background-meta":{"desktop":{"background-color":"var(--ast-global-color-5)","background-image":"","background-repeat":"repeat","background-position":"center center","background-size":"auto","background-attachment":"scroll","background-type":"","background-media":"","overlay-type":"","overlay-color":"","overlay-opacity":"","overlay-gradient":""},"tablet":{"background-color":"var(--ast-global-color-5)","background-image":"","background-repeat":"repeat","background-position":"center center","background-size":"auto","background-attachment":"scroll","background-type":"","background-media":"","overlay-type":"","overlay-color":"","overlay-opacity":"","overlay-gradient":""},"mobile":{"background-color":"var(--ast-global-color-5)","background-image":"","background-repeat":"repeat","background-position":"center center","background-size":"auto","background-attachment":"scroll","background-type":"","background-media":"","overlay-type":"","overlay-color":"","overlay-opacity":"","overlay-gradient":""}},"footnotes":""},"class_list":["post-3614","page","type-page","status-publish","hentry"],"uagb_featured_image_src":{"full":false,"thumbnail":false,"medium":false,"medium_large":false,"large":false,"1536x1536":false,"2048x2048":false,"mailpoet_newsletter_max":false,"woocommerce_thumbnail":false,"woocommerce_single":false,"woocommerce_gallery_thumbnail":false},"uagb_author_info":{"display_name":"hubert_o","author_link":"https:\/\/tienda.cafedeveracruz.com.mx\/author\/hubert_o\/"},"uagb_comment_info":0,"uagb_excerpt":"Contacto- Ventas Tienen ventas de mayoreo? Si, vendemos de mayoreo desde 15kg. Somos una empresa mayorista del estado de Veracruz. Tienen ventas a granel? Si, vendemos a granel en los diferentes formatos, grano tostado y molido y tambi\u00e9n envasado. Venden caf\u00e9 verde? Si, vendemos caf\u00e9 verde. frescos y reci\u00e9n cosechado, lavado, proceso h\u00famedo, calidad premium.&hellip;","jetpack_sharing_enabled":true,"_links":{"self":[{"href":"https:\/\/tienda.cafedeveracruz.com.mx\/index.php\/wp-json\/wp\/v2\/pages\/3614","targetHints":{"allow":["GET"]}}],"collection":[{"href":"https:\/\/tienda.cafedeveracruz.com.mx\/index.php\/wp-json\/wp\/v2\/pages"}],"about":[{"href":"https:\/\/tienda.cafedeveracruz.com.mx\/index.php\/wp-json\/wp\/v2\/types\/page"}],"author":[{"embeddable":true,"href":"https:\/\/tienda.cafedeveracruz.com.mx\/index.php\/wp-json\/wp\/v2\/users\/1"}],"replies":[{"embeddable":true,"href":"https:\/\/tienda.cafedeveracruz.com.mx\/index.php\/wp-json\/wp\/v2\/comments?post=3614"}],"version-history":[{"count":9,"href":"https:\/\/tienda.cafedeveracruz.com.mx\/index.php\/wp-json\/wp\/v2\/pages\/3614\/revisions"}],"predecessor-version":[{"id":5072,"href":"https:\/\/tienda.cafedeveracruz.com.mx\/index.php\/wp-json\/wp\/v2\/pages\/3614\/revisions\/5072"}],"wp:attachment":[{"href":"https:\/\/tienda.cafedeveracruz.com.mx\/index.php\/wp-json\/wp\/v2\/media?parent=3614"}],"curies":[{"name":"wp","href":"https:\/\/api.w.org\/{rel}","templated":true}]}}